{"id":4187,"date":"2025-02-18T12:57:01","date_gmt":"2025-02-18T12:57:01","guid":{"rendered":"https:\/\/designurakka.fi\/?page_id=4187"},"modified":"2026-02-25T11:11:48","modified_gmt":"2026-02-25T11:11:48","slug":"projektinhallinnalla-on-valia","status":"publish","type":"page","link":"https:\/\/designurakka.fi\/en\/projektinhallinnalla-on-valia\/","title":{"rendered":"Project Management Matters"},"content":{"rendered":"\t\t<div data-elementor-type=\"wp-page\" data-elementor-id=\"4187\" class=\"elementor elementor-4187\">\n\t\t\t\t\t\t<section class=\"elementor-section elementor-top-section elementor-element elementor-element-48c7923 elementor-section-height-min-height elementor-hidden-mobile elementor-section-boxed elementor-section-height-default elementor-section-items-middle wpr-particle-no wpr-jarallax-no wpr-parallax-no wpr-sticky-section-no wpr-equal-height-no\" data-id=\"48c7923\" data-element_type=\"section\" data-e-type=\"section\" data-settings=\"{&quot;background_background&quot;:&quot;classic&quot;}\">\n\t\t\t\t\t\t\t<div class=\"elementor-background-overlay\"><\/div>\n\t\t\t\t\t\t\t<div class=\"elementor-container elementor-column-gap-default\">\n\t\t\t\t\t<div class=\"elementor-column elementor-col-50 elementor-top-column elementor-element elementor-element-d189693\" data-id=\"d189693\" data-element_type=\"column\" data-e-type=\"column\">\n\t\t\t<div class=\"elementor-widget-wrap elementor-element-populated\">\n\t\t\t\t\t\t<div class=\"elementor-element elementor-element-a38d1c7 elementor-widget elementor-widget-heading\" data-id=\"a38d1c7\" data-element_type=\"widget\" data-e-type=\"widget\" data-widget_type=\"heading.default\">\n\t\t\t\t<div class=\"elementor-widget-container\">\n\t\t\t\t\t<h1 class=\"elementor-heading-title elementor-size-default\">Projektinhallinnalla on v\u00e4li\u00e4<\/h1>\t\t\t\t<\/div>\n\t\t\t\t<\/div>\n\t\t\t\t\t<\/div>\n\t\t<\/div>\n\t\t\t\t<div class=\"elementor-column elementor-col-50 elementor-top-column elementor-element elementor-element-1e31c7a\" data-id=\"1e31c7a\" data-element_type=\"column\" data-e-type=\"column\">\n\t\t\t<div class=\"elementor-widget-wrap\">\n\t\t\t\t\t\t\t<\/div>\n\t\t<\/div>\n\t\t\t\t\t<\/div>\n\t\t<\/section>\n\t\t\t\t<section class=\"elementor-section elementor-top-section elementor-element elementor-element-f15c53c elementor-section-height-min-height elementor-hidden-desktop elementor-hidden-tablet elementor-section-boxed elementor-section-height-default elementor-section-items-middle wpr-particle-no wpr-jarallax-no wpr-parallax-no wpr-sticky-section-no wpr-equal-height-no\" data-id=\"f15c53c\" data-element_type=\"section\" data-e-type=\"section\" data-settings=\"{&quot;background_background&quot;:&quot;classic&quot;}\">\n\t\t\t\t\t\t\t<div class=\"elementor-background-overlay\"><\/div>\n\t\t\t\t\t\t\t<div class=\"elementor-container elementor-column-gap-default\">\n\t\t\t\t\t<div class=\"elementor-column elementor-col-50 elementor-top-column elementor-element elementor-element-fc3121b\" data-id=\"fc3121b\" data-element_type=\"column\" data-e-type=\"column\">\n\t\t\t<div class=\"elementor-widget-wrap elementor-element-populated\">\n\t\t\t\t\t\t<div class=\"elementor-element elementor-element-358f027 elementor-widget elementor-widget-heading\" data-id=\"358f027\" data-element_type=\"widget\" data-e-type=\"widget\" data-widget_type=\"heading.default\">\n\t\t\t\t<div class=\"elementor-widget-container\">\n\t\t\t\t\t<h1 class=\"elementor-heading-title elementor-size-default\">Projektinhallinnalla on v\u00e4li\u00e4<\/h1>\t\t\t\t<\/div>\n\t\t\t\t<\/div>\n\t\t\t\t\t<\/div>\n\t\t<\/div>\n\t\t\t\t<div class=\"elementor-column elementor-col-50 elementor-top-column elementor-element elementor-element-acf4dac elementor-hidden-mobile\" data-id=\"acf4dac\" data-element_type=\"column\" data-e-type=\"column\">\n\t\t\t<div class=\"elementor-widget-wrap\">\n\t\t\t\t\t\t\t<\/div>\n\t\t<\/div>\n\t\t\t\t\t<\/div>\n\t\t<\/section>\n\t\t\t\t<section class=\"elementor-section elementor-top-section elementor-element elementor-element-c17da37 elementor-section-boxed elementor-section-height-default elementor-section-height-default wpr-particle-no wpr-jarallax-no wpr-parallax-no wpr-sticky-section-no wpr-equal-height-no\" data-id=\"c17da37\" data-element_type=\"section\" data-e-type=\"section\">\n\t\t\t\t\t\t<div class=\"elementor-container elementor-column-gap-default\">\n\t\t\t\t\t<div class=\"elementor-column elementor-col-50 elementor-top-column elementor-element elementor-element-9e3e17a elementor-hidden-mobile\" data-id=\"9e3e17a\" data-element_type=\"column\" data-e-type=\"column\">\n\t\t\t<div class=\"elementor-widget-wrap\">\n\t\t\t\t\t\t\t<\/div>\n\t\t<\/div>\n\t\t\t\t<div class=\"elementor-column elementor-col-50 elementor-top-column elementor-element elementor-element-5946520\" data-id=\"5946520\" data-element_type=\"column\" data-e-type=\"column\">\n\t\t\t<div class=\"elementor-widget-wrap elementor-element-populated\">\n\t\t\t\t\t\t<div class=\"elementor-element elementor-element-639ac14 elementor-hidden-mobile elementor-widget elementor-widget-image\" data-id=\"639ac14\" data-element_type=\"widget\" data-e-type=\"widget\" data-widget_type=\"image.default\">\n\t\t\t\t<div class=\"elementor-widget-container\">\n\t\t\t\t\t\t\t\t\t\t\t\t\t\t\t<img fetchpriority=\"high\" decoding=\"async\" width=\"496\" height=\"496\" src=\"https:\/\/designurakka.fi\/wp-content\/uploads\/2023\/10\/Nayttokuva-2023-10-2-kello-12.58.36-e1696291517727.png\" class=\"attachment-large size-large wp-image-758\" alt=\"\" srcset=\"https:\/\/designurakka.fi\/wp-content\/uploads\/2023\/10\/Nayttokuva-2023-10-2-kello-12.58.36-e1696291517727.png 496w, https:\/\/designurakka.fi\/wp-content\/uploads\/2023\/10\/Nayttokuva-2023-10-2-kello-12.58.36-e1696291517727-300x300.png 300w, https:\/\/designurakka.fi\/wp-content\/uploads\/2023\/10\/Nayttokuva-2023-10-2-kello-12.58.36-e1696291517727-150x150.png 150w, https:\/\/designurakka.fi\/wp-content\/uploads\/2023\/10\/Nayttokuva-2023-10-2-kello-12.58.36-e1696291517727-12x12.png 12w, https:\/\/designurakka.fi\/wp-content\/uploads\/2023\/10\/Nayttokuva-2023-10-2-kello-12.58.36-e1696291517727-120x120.png 120w\" sizes=\"(max-width: 496px) 100vw, 496px\" \/>\t\t\t\t\t\t\t\t\t\t\t\t\t\t\t<\/div>\n\t\t\t\t<\/div>\n\t\t\t\t\t<\/div>\n\t\t<\/div>\n\t\t\t\t\t<\/div>\n\t\t<\/section>\n\t\t\t\t<section class=\"elementor-section elementor-top-section elementor-element elementor-element-9d776df elementor-section-boxed elementor-section-height-default elementor-section-height-default wpr-particle-no wpr-jarallax-no wpr-parallax-no wpr-sticky-section-no wpr-equal-height-no\" data-id=\"9d776df\" data-element_type=\"section\" data-e-type=\"section\">\n\t\t\t\t\t\t<div class=\"elementor-container elementor-column-gap-default\">\n\t\t\t\t\t<div class=\"elementor-column elementor-col-100 elementor-top-column elementor-element elementor-element-b18e076\" data-id=\"b18e076\" data-element_type=\"column\" data-e-type=\"column\">\n\t\t\t<div class=\"elementor-widget-wrap elementor-element-populated\">\n\t\t\t\t\t\t<div class=\"elementor-element elementor-element-ee6d5a3 elementor-widget elementor-widget-text-editor\" data-id=\"ee6d5a3\" data-element_type=\"widget\" data-e-type=\"widget\" data-widget_type=\"text-editor.default\">\n\t\t\t\t<div class=\"elementor-widget-container\">\n\t\t\t\t\t\t\t\t\t<div>Remonttiprojektin onnistuminen edellytt\u00e4\u00e4 tehokasta projektinhallintaa, joka varmistaa aikataulun, budjetin ja laadun toteutumisen. Keskeisi\u00e4 projektinhallinnan teht\u00e4vi\u00e4\u00a0ovat suunnittelu, koordinointi, valvonta ja viestint\u00e4.<\/div><div>\u00a0<\/div><div>Ensimm\u00e4inen vaihe on huolellinen\u00a0<b>suunnittelu<\/b>, jossa m\u00e4\u00e4ritell\u00e4\u00e4n remontin laajuus, aikataulu ja budjetti. T\u00e4ss\u00e4\u00a0vaiheessa valitaan urakoitsijat, hankitaan tarvittavat luvat ja tehd\u00e4\u00e4n materiaalivalinnat. Hyv\u00e4\u00a0suunnitelma ehk\u00e4isee viiv\u00e4styksi\u00e4\u00a0ja ylim\u00e4\u00e4r\u00e4isi\u00e4\u00a0kustannuksia.<\/div><div>\u00a0<\/div><div>Seuraavaksi tulee\u00a0<b>koordinointi<\/b>, jossa varmistetaan, ett\u00e4\u00a0eri ty\u00f6vaiheet etenev\u00e4t suunnitelman mukaisesti. Ty\u00f6naikainen projektinjohto sis\u00e4lt\u00e4\u00e4 ty\u00f6ntekij\u00f6iden ja aliurakoitsijoiden aikataulutuksen sek\u00e4\u00a0materiaalien oikea-aikaiset toimitukset. My\u00f6s aktiivinen ja ratkaisukeskeinen viestint\u00e4 eri osapuolten v\u00e4lill\u00e4 edist\u00e4\u00e4 remontin sujuvaa edistymist\u00e4 &#8211; silloinkin, kun haasteita ilmenee.\u00a0<\/div><div>\u00a0<\/div><div><b>Valvonta<\/b>\u00a0on kriittinen osa projektinhallintaa. Sen avulla varmistetaan ty\u00f6n laatu ja turvallisuus. Tarkastuksia tehd\u00e4\u00e4n eri vaiheissa, ja mahdollisiin virheisiin puututaan ajoissa. Valvontaan kuuluu sek\u00e4 urakoitsijan oma valvonta ett\u00e4 isommissa kohteissa tilaajan asettama ulkopuolinen valvoja.<\/div><div>\u00a0<\/div><div>Lopuksi\u00a0<b>viestint\u00e4<\/b>\u00a0on avainasemassa. Selke\u00e4\u00a0tiedonkulku tilaajan, urakoitsijoiden ja muiden osapuolten v\u00e4lill\u00e4\u00a0v\u00e4hent\u00e4\u00e4\u00a0<wbr \/>v\u00e4\u00e4rink\u00e4sityksi\u00e4\u00a0ja parantaa ty\u00f6n sujuvuutta.<\/div><div>\u00a0<\/div><div>Designurakan palvelukokonaisuus kattaa kaikki yll\u00e4mainitut osa-alueet. Tehokas projektinhallinta auttaa pit\u00e4m\u00e4\u00e4n remontin aikataulussa, budjetissa ja halutussa laadussa, mik\u00e4\u00a0lis\u00e4\u00e4\u00a0sek\u00e4\u00a0<wbr \/>asiakastyytyv\u00e4isyytt\u00e4\u00a0ett\u00e4\u00a0<wbr \/>ty\u00f6n tehokkuutta.<\/div>\t\t\t\t\t\t\t\t<\/div>\n\t\t\t\t<\/div>\n\t\t\t\t\t<\/div>\n\t\t<\/div>\n\t\t\t\t\t<\/div>\n\t\t<\/section>\n\t\t\t\t<section class=\"elementor-section elementor-top-section elementor-element elementor-element-9aed6e5 elementor-section-boxed elementor-section-height-default elementor-section-height-default wpr-particle-no wpr-jarallax-no wpr-parallax-no wpr-sticky-section-no wpr-equal-height-no\" data-id=\"9aed6e5\" data-element_type=\"section\" data-e-type=\"section\" data-settings=\"{&quot;background_background&quot;:&quot;classic&quot;}\">\n\t\t\t\t\t\t<div class=\"elementor-container elementor-column-gap-default\">\n\t\t\t\t\t<div class=\"elementor-column elementor-col-50 elementor-top-column elementor-element elementor-element-8ff3c1a\" data-id=\"8ff3c1a\" data-element_type=\"column\" data-e-type=\"column\">\n\t\t\t<div class=\"elementor-widget-wrap elementor-element-populated\">\n\t\t\t\t\t\t<div class=\"elementor-element elementor-element-c12489a elementor-widget elementor-widget-heading\" data-id=\"c12489a\" data-element_type=\"widget\" data-e-type=\"widget\" data-widget_type=\"heading.default\">\n\t\t\t\t<div class=\"elementor-widget-container\">\n\t\t\t\t\t<h1 class=\"elementor-heading-title elementor-size-default\">Ota yhteytt\u00e4!<\/h1>\t\t\t\t<\/div>\n\t\t\t\t<\/div>\n\t\t\t\t<div class=\"elementor-element elementor-element-fabadf6 elementor-widget elementor-widget-text-editor\" data-id=\"fabadf6\" data-element_type=\"widget\" data-e-type=\"widget\" data-widget_type=\"text-editor.default\">\n\t\t\t\t<div class=\"elementor-widget-container\">\n\t\t\t\t\t\t\t\t\t<div>Miten voimme olla avuksesi? Meid\u00e4n asiantuntijamme tarjoavat tilaratkaisut, jotka r\u00e4\u00e4t\u00e4l\u00f6id\u00e4\u00e4n vastaamaan juuri sinun toiveita ja tarpeita. Olipa tavoitteenasi toimivammat tilaratkaisut, koko kodin remontti, kylpyhuonesaneeraus tai keitti\u00f6n sisustus teemme tilaunelmat todeksi.<\/div><div>\u00a0<\/div><div>Varaa maksuton kartoitus ja ota ensimm\u00e4inen askel kohti toimivampia, inspiroivampia ja terveellisempi\u00e4 tiloja jo t\u00e4n\u00e4\u00e4n!<\/div>\t\t\t\t\t\t\t\t<\/div>\n\t\t\t\t<\/div>\n\t\t\t\t<div class=\"elementor-element elementor-element-13d0805 elementor-align-start elementor-icon-list--layout-traditional elementor-list-item-link-full_width elementor-widget elementor-widget-icon-list\" data-id=\"13d0805\" data-element_type=\"widget\" data-e-type=\"widget\" data-widget_type=\"icon-list.default\">\n\t\t\t\t<div class=\"elementor-widget-container\">\n\t\t\t\t\t\t\t<ul class=\"elementor-icon-list-items\">\n\t\t\t\t\t\t\t<li class=\"elementor-icon-list-item\">\n\t\t\t\t\t\t\t\t\t\t\t<a href=\"tel:0105082430\">\n\n\t\t\t\t\t\t\t\t\t\t\t\t<span class=\"elementor-icon-list-icon\">\n\t\t\t\t\t\t\t<i aria-hidden=\"true\" class=\"fas fa-phone-alt\"><\/i>\t\t\t\t\t\t<\/span>\n\t\t\t\t\t\t\t\t\t\t<span class=\"elementor-icon-list-text\">010 508 2430<\/span>\n\t\t\t\t\t\t\t\t\t\t\t<\/a>\n\t\t\t\t\t\t\t\t\t<\/li>\n\t\t\t\t\t\t\t\t<li class=\"elementor-icon-list-item\">\n\t\t\t\t\t\t\t\t\t\t\t<a href=\"mailto:info@designurakka.fi\">\n\n\t\t\t\t\t\t\t\t\t\t\t\t<span class=\"elementor-icon-list-icon\">\n\t\t\t\t\t\t\t<i aria-hidden=\"true\" class=\"fas fa-envelope\"><\/i>\t\t\t\t\t\t<\/span>\n\t\t\t\t\t\t\t\t\t\t<span class=\"elementor-icon-list-text\">info@designurakka.fi<\/span>\n\t\t\t\t\t\t\t\t\t\t\t<\/a>\n\t\t\t\t\t\t\t\t\t<\/li>\n\t\t\t\t\t\t\t\t<li class=\"elementor-icon-list-item\">\n\t\t\t\t\t\t\t\t\t\t\t<span class=\"elementor-icon-list-icon\">\n\t\t\t\t\t\t\t<i aria-hidden=\"true\" class=\"fas fa-map-pin\"><\/i>\t\t\t\t\t\t<\/span>\n\t\t\t\t\t\t\t\t\t\t<span class=\"elementor-icon-list-text\">Linnankoskenkatu 10, <br>00250 Helsinki<\/span>\n\t\t\t\t\t\t\t\t\t<\/li>\n\t\t\t\t\t\t<\/ul>\n\t\t\t\t\t\t<\/div>\n\t\t\t\t<\/div>\n\t\t\t\t\t<\/div>\n\t\t<\/div>\n\t\t\t\t<div class=\"elementor-column elementor-col-50 elementor-top-column elementor-element elementor-element-b474a2b\" data-id=\"b474a2b\" data-element_type=\"column\" data-e-type=\"column\">\n\t\t\t<div class=\"elementor-widget-wrap elementor-element-populated\">\n\t\t\t\t\t\t<div class=\"elementor-element elementor-element-d621a07 elementor-widget elementor-widget-wpforms\" data-id=\"d621a07\" data-element_type=\"widget\" data-e-type=\"widget\" data-widget_type=\"wpforms.default\">\n\t\t\t\t<div class=\"elementor-widget-container\">\n\t\t\t\t\t<div class=\"wpforms-container \" id=\"wpforms-759\"><form id=\"wpforms-form-759\" class=\"wpforms-validate wpforms-form wpforms-ajax-form\" data-formid=\"759\" method=\"post\" enctype=\"multipart\/form-data\" action=\"\/en\/wp-json\/wp\/v2\/pages\/4187\" data-token=\"bdc3ec55379a1ce73db150ffff072052\" data-token-time=\"1776412138\"><noscript class=\"wpforms-error-noscript\">Please enable JavaScript in your browser to complete this form.<\/noscript><div class=\"wpforms-field-container\"><div id=\"wpforms-759-field_0-container\" class=\"wpforms-field wpforms-field-name\" data-field-id=\"0\"><label class=\"wpforms-field-label wpforms-label-hide\" for=\"wpforms-759-field_0\">Nimi <span class=\"wpforms-required-label\">*<\/span><\/label><input type=\"text\" id=\"wpforms-759-field_0\" class=\"wpforms-field-large wpforms-field-required\" name=\"wpforms[fields][0]\" placeholder=\"Etu- ja sukunimesi\" required><\/div><div id=\"wpforms-759-field_1-container\" class=\"wpforms-field wpforms-field-email\" data-field-id=\"1\"><label class=\"wpforms-field-label wpforms-label-hide\" for=\"wpforms-759-field_1\">S\u00e4hk\u00f6posti <span class=\"wpforms-required-label\">*<\/span><\/label><input type=\"email\" id=\"wpforms-759-field_1\" class=\"wpforms-field-large wpforms-field-required\" name=\"wpforms[fields][1]\" placeholder=\"S\u00e4hk\u00f6postiosoitteesi\" spellcheck=\"false\" required><\/div><div id=\"wpforms-759-field_4-container\" class=\"wpforms-field wpforms-field-text\" data-field-id=\"4\"><label class=\"wpforms-field-label wpforms-label-hide\" for=\"wpforms-759-field_4\">Puhelinnumero <span class=\"wpforms-required-label\">*<\/span><\/label><input type=\"text\" id=\"wpforms-759-field_4\" class=\"wpforms-field-large wpforms-field-required\" name=\"wpforms[fields][4]\" placeholder=\"Puhelinnumerosi\" required><\/div><div id=\"wpforms-759-field_2-container\" class=\"wpforms-field wpforms-field-textarea\" data-field-id=\"2\"><label class=\"wpforms-field-label wpforms-label-hide\" for=\"wpforms-759-field_2\">Viesti <span class=\"wpforms-required-label\">*<\/span><\/label><textarea id=\"wpforms-759-field_2\" class=\"wpforms-field-medium wpforms-field-required\" name=\"wpforms[fields][2]\" placeholder=\"Viestisi\" required><\/textarea><\/div><\/div><!-- .wpforms-field-container --><div class=\"wpforms-submit-container\" ><input type=\"hidden\" name=\"wpforms[id]\" value=\"759\"><input type=\"hidden\" name=\"page_title\" value=\"\"><input type=\"hidden\" name=\"page_url\" value=\"https:\/\/designurakka.fi\/en\/wp-json\/wp\/v2\/pages\/4187\"><input type=\"hidden\" name=\"url_referer\" value=\"\"><button type=\"submit\" name=\"wpforms[submit]\" id=\"wpforms-submit-759\" class=\"wpforms-submit\" data-alt-text=\"L\u00e4hetet\u00e4\u00e4n...\" data-submit-text=\"L\u00e4het\u00e4\" aria-live=\"assertive\" value=\"wpforms-submit\">L\u00e4het\u00e4<\/button><img decoding=\"async\" src=\"https:\/\/designurakka.fi\/wp-content\/plugins\/wpforms-lite\/assets\/images\/submit-spin.svg\" class=\"wpforms-submit-spinner\" style=\"display: none;\" width=\"26\" height=\"26\" alt=\"Loading\"><\/div><\/form><\/div>  <!-- .wpforms-container -->\t\t\t\t<\/div>\n\t\t\t\t<\/div>\n\t\t\t\t\t<\/div>\n\t\t<\/div>\n\t\t\t\t\t<\/div>\n\t\t<\/section>\n\t\t\t\t<\/div>\n\t\t","protected":false},"excerpt":{"rendered":"<p>Projektinhallinnalla on v\u00e4li\u00e4 Projektinhallinnalla on v\u00e4li\u00e4 Remonttiprojektin onnistuminen edellytt\u00e4\u00e4 tehokasta projektinhallintaa, joka varmistaa aikataulun, budjetin ja laadun toteutumisen. Keskeisi\u00e4 projektinhallinnan teht\u00e4vi\u00e4\u00a0ovat suunnittelu, koordinointi, valvonta ja viestint\u00e4.\u00a0Ensimm\u00e4inen vaihe on huolellinen\u00a0suunnittelu, jossa m\u00e4\u00e4ritell\u00e4\u00e4n remontin laajuus, aikataulu ja budjetti. T\u00e4ss\u00e4\u00a0vaiheessa valitaan urakoitsijat, hankitaan tarvittavat luvat ja tehd\u00e4\u00e4n materiaalivalinnat. Hyv\u00e4\u00a0suunnitelma ehk\u00e4isee viiv\u00e4styksi\u00e4\u00a0ja ylim\u00e4\u00e4r\u00e4isi\u00e4\u00a0kustannuksia.\u00a0Seuraavaksi tulee\u00a0koordinointi, jossa varmistetaan, ett\u00e4\u00a0eri ty\u00f6vaiheet etenev\u00e4t suunnitelman mukaisesti. Ty\u00f6naikainen projektinjohto sis\u00e4lt\u00e4\u00e4 ty\u00f6ntekij\u00f6iden ja aliurakoitsijoiden aikataulutuksen sek\u00e4\u00a0materiaalien oikea-aikaiset toimitukset. My\u00f6s aktiivinen ja ratkaisukeskeinen viestint\u00e4 eri osapuolten v\u00e4lill\u00e4 edist\u00e4\u00e4 remontin sujuvaa edistymist\u00e4 &#8211; silloinkin, kun haasteita ilmenee.\u00a0\u00a0Valvonta\u00a0on kriittinen osa projektinhallintaa. Sen avulla varmistetaan ty\u00f6n laatu ja turvallisuus. Tarkastuksia tehd\u00e4\u00e4n eri vaiheissa, ja mahdollisiin virheisiin puututaan ajoissa. Valvontaan kuuluu sek\u00e4 urakoitsijan oma valvonta ett\u00e4 isommissa kohteissa tilaajan asettama ulkopuolinen valvoja.\u00a0Lopuksi\u00a0viestint\u00e4\u00a0on avainasemassa. Selke\u00e4\u00a0tiedonkulku tilaajan, urakoitsijoiden ja muiden osapuolten v\u00e4lill\u00e4\u00a0v\u00e4hent\u00e4\u00e4\u00a0v\u00e4\u00e4rink\u00e4sityksi\u00e4\u00a0ja parantaa ty\u00f6n sujuvuutta.\u00a0Designurakan palvelukokonaisuus kattaa kaikki yll\u00e4mainitut osa-alueet. Tehokas projektinhallinta auttaa pit\u00e4m\u00e4\u00e4n remontin aikataulussa, budjetissa ja halutussa laadussa, mik\u00e4\u00a0lis\u00e4\u00e4\u00a0sek\u00e4\u00a0asiakastyytyv\u00e4isyytt\u00e4\u00a0ett\u00e4\u00a0ty\u00f6n tehokkuutta. Ota yhteytt\u00e4! Miten voimme olla avuksesi? Meid\u00e4n asiantuntijamme tarjoavat tilaratkaisut, jotka r\u00e4\u00e4t\u00e4l\u00f6id\u00e4\u00e4n vastaamaan juuri sinun toiveita ja tarpeita. Olipa tavoitteenasi toimivammat tilaratkaisut, koko kodin remontti, kylpyhuonesaneeraus tai keitti\u00f6n sisustus teemme tilaunelmat todeksi.\u00a0Varaa maksuton kartoitus ja ota ensimm\u00e4inen askel kohti toimivampia, inspiroivampia ja terveellisempi\u00e4 tiloja jo t\u00e4n\u00e4\u00e4n! 010 508 2430 info@designurakka.fi Linnankoskenkatu 10, 00250 Helsinki Please enable JavaScript in your browser to complete this form.Nimi *S\u00e4hk\u00f6posti *Puhelinnumero *Viesti * L\u00e4het\u00e4<\/p>","protected":false},"author":1,"featured_media":0,"parent":0,"menu_order":0,"comment_status":"closed","ping_status":"closed","template":"","meta":{"site-sidebar-layout":"no-sidebar","site-content-layout":"page-builder","ast-site-content-layout":"full-width-container","site-content-style":"unboxed","site-sidebar-style":"unboxed","ast-global-header-display":"","ast-banner-title-visibility":"","ast-main-header-display":"","ast-hfb-above-header-display":"","ast-hfb-below-header-display":"","ast-hfb-mobile-header-display":"","site-post-title":"disabled","ast-breadcrumbs-content":"","ast-featured-img":"disabled","footer-sml-layout":"","ast-disable-related-posts":"","theme-transparent-header-meta":"enabled","adv-header-id-meta":"","stick-header-meta":"","header-above-stick-meta":"","header-main-stick-meta":"","header-below-stick-meta":"","astra-migrate-meta-layouts":"set","ast-page-background-enabled":"default","ast-page-background-meta":{"desktop":{"background-color":"var(--ast-global-color-4)","background-image":"","background-repeat":"repeat","background-position":"center center","background-size":"auto","background-attachment":"scroll","background-type":"","background-media":"","overlay-type":"","overlay-color":"","overlay-opacity":"","overlay-gradient":""},"tablet":{"background-color":"","background-image":"","background-repeat":"repeat","background-position":"center center","background-size":"auto","background-attachment":"scroll","background-type":"","background-media":"","overlay-type":"","overlay-color":"","overlay-opacity":"","overlay-gradient":""},"mobile":{"background-color":"","background-image":"","background-repeat":"repeat","background-position":"center center","background-size":"auto","background-attachment":"scroll","background-type":"","background-media":"","overlay-type":"","overlay-color":"","overlay-opacity":"","overlay-gradient":""}},"ast-content-background-meta":{"desktop":{"background-color":"var(--ast-global-color-5)","background-image":"","background-repeat":"repeat","background-position":"center center","background-size":"auto","background-attachment":"scroll","background-type":"","background-media":"","overlay-type":"","overlay-color":"","overlay-opacity":"","overlay-gradient":""},"tablet":{"background-color":"var(--ast-global-color-5)","background-image":"","background-repeat":"repeat","background-position":"center center","background-size":"auto","background-attachment":"scroll","background-type":"","background-media":"","overlay-type":"","overlay-color":"","overlay-opacity":"","overlay-gradient":""},"mobile":{"background-color":"var(--ast-global-color-5)","background-image":"","background-repeat":"repeat","background-position":"center center","background-size":"auto","background-attachment":"scroll","background-type":"","background-media":"","overlay-type":"","overlay-color":"","overlay-opacity":"","overlay-gradient":""}},"footnotes":""},"class_list":["post-4187","page","type-page","status-publish","hentry"],"_links":{"self":[{"href":"https:\/\/designurakka.fi\/en\/wp-json\/wp\/v2\/pages\/4187","targetHints":{"allow":["GET"]}}],"collection":[{"href":"https:\/\/designurakka.fi\/en\/wp-json\/wp\/v2\/pages"}],"about":[{"href":"https:\/\/designurakka.fi\/en\/wp-json\/wp\/v2\/types\/page"}],"author":[{"embeddable":true,"href":"https:\/\/designurakka.fi\/en\/wp-json\/wp\/v2\/users\/1"}],"replies":[{"embeddable":true,"href":"https:\/\/designurakka.fi\/en\/wp-json\/wp\/v2\/comments?post=4187"}],"version-history":[{"count":10,"href":"https:\/\/designurakka.fi\/en\/wp-json\/wp\/v2\/pages\/4187\/revisions"}],"predecessor-version":[{"id":4508,"href":"https:\/\/designurakka.fi\/en\/wp-json\/wp\/v2\/pages\/4187\/revisions\/4508"}],"wp:attachment":[{"href":"https:\/\/designurakka.fi\/en\/wp-json\/wp\/v2\/media?parent=4187"}],"curies":[{"name":"wp","href":"https:\/\/api.w.org\/{rel}","templated":true}]}}