{"id":3866,"date":"2024-05-21T11:30:07","date_gmt":"2024-05-21T11:30:07","guid":{"rendered":"https:\/\/designurakka.fi\/?page_id=3866"},"modified":"2026-02-25T11:14:58","modified_gmt":"2026-02-25T11:14:58","slug":"kodista-stressivapaa-vyohyke","status":"publish","type":"page","link":"https:\/\/designurakka.fi\/en\/kodista-stressivapaa-vyohyke\/","title":{"rendered":"Kodista stressivapaa vyohyke"},"content":{"rendered":"\t\t<div data-elementor-type=\"wp-page\" data-elementor-id=\"3866\" class=\"elementor elementor-3866\">\n\t\t\t\t\t\t<section class=\"elementor-section elementor-top-section elementor-element elementor-element-48c7923 elementor-section-height-min-height elementor-hidden-mobile elementor-section-boxed elementor-section-height-default elementor-section-items-middle wpr-particle-no wpr-jarallax-no wpr-parallax-no wpr-sticky-section-no wpr-equal-height-no\" data-id=\"48c7923\" data-element_type=\"section\" data-e-type=\"section\" data-settings=\"{&quot;background_background&quot;:&quot;classic&quot;}\">\n\t\t\t\t\t\t\t<div class=\"elementor-background-overlay\"><\/div>\n\t\t\t\t\t\t\t<div class=\"elementor-container elementor-column-gap-default\">\n\t\t\t\t\t<div class=\"elementor-column elementor-col-50 elementor-top-column elementor-element elementor-element-d189693\" data-id=\"d189693\" data-element_type=\"column\" data-e-type=\"column\">\n\t\t\t<div class=\"elementor-widget-wrap elementor-element-populated\">\n\t\t\t\t\t\t<div class=\"elementor-element elementor-element-a38d1c7 elementor-widget elementor-widget-heading\" data-id=\"a38d1c7\" data-element_type=\"widget\" data-e-type=\"widget\" data-widget_type=\"heading.default\">\n\t\t\t\t<div class=\"elementor-widget-container\">\n\t\t\t\t\t<h1 class=\"elementor-heading-title elementor-size-default\">Kodista stressivapaa vy\u00f6hyke<\/h1>\t\t\t\t<\/div>\n\t\t\t\t<\/div>\n\t\t\t\t\t<\/div>\n\t\t<\/div>\n\t\t\t\t<div class=\"elementor-column elementor-col-50 elementor-top-column elementor-element elementor-element-1e31c7a\" data-id=\"1e31c7a\" data-element_type=\"column\" data-e-type=\"column\">\n\t\t\t<div class=\"elementor-widget-wrap\">\n\t\t\t\t\t\t\t<\/div>\n\t\t<\/div>\n\t\t\t\t\t<\/div>\n\t\t<\/section>\n\t\t\t\t<section class=\"elementor-section elementor-top-section elementor-element elementor-element-f15c53c elementor-section-height-min-height elementor-hidden-desktop elementor-hidden-tablet elementor-section-boxed elementor-section-height-default elementor-section-items-middle wpr-particle-no wpr-jarallax-no wpr-parallax-no wpr-sticky-section-no wpr-equal-height-no\" data-id=\"f15c53c\" data-element_type=\"section\" data-e-type=\"section\" data-settings=\"{&quot;background_background&quot;:&quot;classic&quot;}\">\n\t\t\t\t\t\t\t<div class=\"elementor-background-overlay\"><\/div>\n\t\t\t\t\t\t\t<div class=\"elementor-container elementor-column-gap-default\">\n\t\t\t\t\t<div class=\"elementor-column elementor-col-50 elementor-top-column elementor-element elementor-element-fc3121b\" data-id=\"fc3121b\" data-element_type=\"column\" data-e-type=\"column\">\n\t\t\t<div class=\"elementor-widget-wrap elementor-element-populated\">\n\t\t\t\t\t\t<div class=\"elementor-element elementor-element-358f027 elementor-widget elementor-widget-heading\" data-id=\"358f027\" data-element_type=\"widget\" data-e-type=\"widget\" data-widget_type=\"heading.default\">\n\t\t\t\t<div class=\"elementor-widget-container\">\n\t\t\t\t\t<h1 class=\"elementor-heading-title elementor-size-default\">Kodista stressivapaa vy\u00f6hyke<\/h1>\t\t\t\t<\/div>\n\t\t\t\t<\/div>\n\t\t\t\t\t<\/div>\n\t\t<\/div>\n\t\t\t\t<div class=\"elementor-column elementor-col-50 elementor-top-column elementor-element elementor-element-acf4dac elementor-hidden-mobile\" data-id=\"acf4dac\" data-element_type=\"column\" data-e-type=\"column\">\n\t\t\t<div class=\"elementor-widget-wrap\">\n\t\t\t\t\t\t\t<\/div>\n\t\t<\/div>\n\t\t\t\t\t<\/div>\n\t\t<\/section>\n\t\t\t\t<section class=\"elementor-section elementor-top-section elementor-element elementor-element-c17da37 elementor-section-boxed elementor-section-height-default elementor-section-height-default wpr-particle-no wpr-jarallax-no wpr-parallax-no wpr-sticky-section-no wpr-equal-height-no\" data-id=\"c17da37\" data-element_type=\"section\" data-e-type=\"section\">\n\t\t\t\t\t\t<div class=\"elementor-container elementor-column-gap-default\">\n\t\t\t\t\t<div class=\"elementor-column elementor-col-50 elementor-top-column elementor-element elementor-element-9e3e17a elementor-hidden-mobile\" data-id=\"9e3e17a\" data-element_type=\"column\" data-e-type=\"column\">\n\t\t\t<div class=\"elementor-widget-wrap\">\n\t\t\t\t\t\t\t<\/div>\n\t\t<\/div>\n\t\t\t\t<div class=\"elementor-column elementor-col-50 elementor-top-column elementor-element elementor-element-5946520\" data-id=\"5946520\" data-element_type=\"column\" data-e-type=\"column\">\n\t\t\t<div class=\"elementor-widget-wrap elementor-element-populated\">\n\t\t\t\t\t\t<div class=\"elementor-element elementor-element-639ac14 elementor-hidden-mobile elementor-widget elementor-widget-image\" data-id=\"639ac14\" data-element_type=\"widget\" data-e-type=\"widget\" data-widget_type=\"image.default\">\n\t\t\t\t<div class=\"elementor-widget-container\">\n\t\t\t\t\t\t\t\t\t\t\t\t\t\t\t<img fetchpriority=\"high\" decoding=\"async\" width=\"496\" height=\"496\" src=\"https:\/\/designurakka.fi\/wp-content\/uploads\/2023\/10\/Nayttokuva-2023-10-2-kello-12.58.36-e1696291517727.png\" class=\"attachment-large size-large wp-image-758\" alt=\"\" srcset=\"https:\/\/designurakka.fi\/wp-content\/uploads\/2023\/10\/Nayttokuva-2023-10-2-kello-12.58.36-e1696291517727.png 496w, https:\/\/designurakka.fi\/wp-content\/uploads\/2023\/10\/Nayttokuva-2023-10-2-kello-12.58.36-e1696291517727-300x300.png 300w, https:\/\/designurakka.fi\/wp-content\/uploads\/2023\/10\/Nayttokuva-2023-10-2-kello-12.58.36-e1696291517727-150x150.png 150w, https:\/\/designurakka.fi\/wp-content\/uploads\/2023\/10\/Nayttokuva-2023-10-2-kello-12.58.36-e1696291517727-12x12.png 12w, https:\/\/designurakka.fi\/wp-content\/uploads\/2023\/10\/Nayttokuva-2023-10-2-kello-12.58.36-e1696291517727-120x120.png 120w\" sizes=\"(max-width: 496px) 100vw, 496px\" \/>\t\t\t\t\t\t\t\t\t\t\t\t\t\t\t<\/div>\n\t\t\t\t<\/div>\n\t\t\t\t\t<\/div>\n\t\t<\/div>\n\t\t\t\t\t<\/div>\n\t\t<\/section>\n\t\t\t\t<section class=\"elementor-section elementor-top-section elementor-element elementor-element-9d776df elementor-section-boxed elementor-section-height-default elementor-section-height-default wpr-particle-no wpr-jarallax-no wpr-parallax-no wpr-sticky-section-no wpr-equal-height-no\" data-id=\"9d776df\" data-element_type=\"section\" data-e-type=\"section\">\n\t\t\t\t\t\t<div class=\"elementor-container elementor-column-gap-default\">\n\t\t\t\t\t<div class=\"elementor-column elementor-col-100 elementor-top-column elementor-element elementor-element-b18e076\" data-id=\"b18e076\" data-element_type=\"column\" data-e-type=\"column\">\n\t\t\t<div class=\"elementor-widget-wrap elementor-element-populated\">\n\t\t\t\t\t\t<div class=\"elementor-element elementor-element-ee6d5a3 elementor-widget elementor-widget-text-editor\" data-id=\"ee6d5a3\" data-element_type=\"widget\" data-e-type=\"widget\" data-widget_type=\"text-editor.default\">\n\t\t\t\t<div class=\"elementor-widget-container\">\n\t\t\t\t\t\t\t\t\t<p><span style=\"font-weight: 400;\">Meit\u00e4 kaikkia kuormittavat erilaiset velvollisuudet ja vaatimukset, olivat ne sitten ulkopuolelta tai oman p\u00e4\u00e4n sis\u00e4ll\u00e4 asetettuja. Moni tekee vaativaa ty\u00f6t\u00e4, ja hybridi- tai et\u00e4ty\u00f6ss\u00e4 ty\u00f6skentelevill\u00e4 vapaa-ajan ja ty\u00f6ajan rajat h\u00e4m\u00e4rtyv\u00e4t helposti. Lis\u00e4ksi huolehditaan lapsista, vanhenevista sukulaisista, lemmikeist\u00e4 ja ties mist\u00e4, parhaimmillaan (pahimmillaan) kaikista edell\u00e4mainituista. Itsest\u00e4\u00e4nkin pit\u00e4isi huolehtia, kehitt\u00e4\u00e4 osaamistaan, harrastaa, urheilla ja tietysti muistaa my\u00f6s palautua ja ottaa rennosti.\u00a0<\/span><\/p><p><span style=\"font-weight: 400;\">\u00a0<\/span><\/p><p><span style=\"font-weight: 400;\">Se, mik\u00e4 kenellekin on toimiva ja stressivapaa koti, onkin varsin yksil\u00f6llist\u00e4. Yksi koko ei todellakaan sovi kaikille, eik\u00e4 tarvitsekaan sopia. Pikkulapsiperheess\u00e4 arjen sujuvuus tarkoittaa eri asioita kuin keski-ik\u00e4isen yksinasujan kohdalla. Tuntuma on, ett\u00e4 Suomessa tyydyt\u00e4\u00e4n kovin helposti standardiratkaisuihin. Kuitenkin ammattitaitoisella sisustusarkkitehdin suunnittelulla voidaan pieniinkin neli\u00f6hin tuoda toimivia ratkaisuja ja hyvin toteutetulla remontilla nostaa viihtyisyytt\u00e4 uudelle tasolle.<\/span><\/p><p><span style=\"font-weight: 400;\">\u00a0<\/span><\/p><p><span style=\"font-weight: 400;\">Yksi tavanomainen esimerkki arjen \u00e4rsytt\u00e4vyyksist\u00e4 on huoneesta toiseen vaeltava pyykinkuivausteline niiss\u00e4 kodeissa, joissa kodinhoidolle tai edes pyykkihuollolle ei ole mit\u00e4\u00e4n varattua tilaa, vaan pyykkikone seisoo miten kuten kylpyhuoneen nurkassa. T\u00e4ss\u00e4 esimerkiss\u00e4 ratkaisu voi l\u00f6yty\u00e4 pienest\u00e4 kylpyhuoneen laajennuksesta tai vaikka pelk\u00e4st\u00e4\u00e4n tarkoituksenmukaisesta kalustuksesta, jossa otetaan my\u00f6s sein\u00e4korkeus hy\u00f6tyk\u00e4ytt\u00f6\u00f6n. Jatketaanpa listaa hiukan: Pikkulapsiperheess\u00e4 on tarve kurahousujen pesulle ja ulkovaatteiden kuivatukselle mielell\u00e4\u00e4n l\u00e4hell\u00e4 sis\u00e4\u00e4nk\u00e4ynti\u00e4. Koiraperheess\u00e4 arvostetaan kest\u00e4v\u00e4\u00e4 lattiamateriaalia ja kuraeteist\u00e4. J\u00e4\u00e4kiekkoilevien teinien vanhemmat arvostavat varmasti hyvin ilmastoitua kuivatustilaa varusteille ja useampaa kuin yht\u00e4 suihkua asunnossa. Kotona ty\u00f6skentelev\u00e4lle ergonominen ja toimiva ty\u00f6piste, jonka saa my\u00f6s pois n\u00e4kyvist\u00e4, voi olla sit\u00e4 arjen luksusta. Lasten muutettua pois kotoa kaksin j\u00e4\u00e4nyt pariskunta haluaa ehk\u00e4 toteuttaa unelman harrastehuoneesta ja ihanasta saunaosastosta kylpyineen. Fiksuilla suunnitteluratkaisuilla ja kohtuullisella remontilla n\u00e4m\u00e4kin toiveet ovat vain toteuttamista vailla.<\/span><\/p><p><span style=\"font-weight: 400;\">\u00a0<\/span><\/p><p><span style=\"font-weight: 400;\">Arjen toimivuuteen ja kodin tunnelmaan vaikutetaan sisustussuunnittelun materiaali- ja v\u00e4rivalinnoilla. Allergiakodissa helpotetaan el\u00e4m\u00e4\u00e4 helposti siivottavilla ja p\u00f6ly\u00e4m\u00e4tt\u00f6mill\u00e4 materiaaleilla. Yksi kokee valkoiset sein\u00e4t rauhoittavina, toinen taas saa energiaa voimakkaista v\u00e4reist\u00e4. Joku tykk\u00e4\u00e4 n\u00e4pr\u00e4t\u00e4 ja nikkaroida itsekin, toinen taas toivoo avaimet k\u00e4teen remonttia, jossa kaikki hoituu helposti ja sujuvasti ammattilaisten toimesta. Se ikuisesti aloittamista vaille valmis remontti vasta stressaakin.<\/span><\/p><p><span style=\"font-weight: 400;\">\u00a0<\/span><\/p><p><span style=\"font-weight: 400;\">Tosiasia on, ett\u00e4 normipalkansaajan muutaman viikon loma vuodessa tai viikonloppuvapaat ei yksin\u00e4\u00e4n riit\u00e4 palautumiseen, vaan hyvinvointimme rakentuu tai rapautuu arjessa, jota suurin osa ajastamme on. Me Designurakalla haluamme tuoda asiantuntemusta ja kokemuksen tuomaa n\u00e4kemyst\u00e4 kodin toteuttamiseen sellaiseksi, ett\u00e4 se tukee parhaalla mahdollisella tavalla juuri sinun arkeasi ja palautumista. <\/span><\/p>\t\t\t\t\t\t\t\t<\/div>\n\t\t\t\t<\/div>\n\t\t\t\t\t<\/div>\n\t\t<\/div>\n\t\t\t\t\t<\/div>\n\t\t<\/section>\n\t\t\t\t<section class=\"elementor-section elementor-top-section elementor-element elementor-element-9aed6e5 elementor-section-boxed elementor-section-height-default elementor-section-height-default wpr-particle-no wpr-jarallax-no wpr-parallax-no wpr-sticky-section-no wpr-equal-height-no\" data-id=\"9aed6e5\" data-element_type=\"section\" data-e-type=\"section\" data-settings=\"{&quot;background_background&quot;:&quot;classic&quot;}\">\n\t\t\t\t\t\t<div class=\"elementor-container elementor-column-gap-default\">\n\t\t\t\t\t<div class=\"elementor-column elementor-col-50 elementor-top-column elementor-element elementor-element-8ff3c1a\" data-id=\"8ff3c1a\" data-element_type=\"column\" data-e-type=\"column\">\n\t\t\t<div class=\"elementor-widget-wrap elementor-element-populated\">\n\t\t\t\t\t\t<div class=\"elementor-element elementor-element-c12489a elementor-widget elementor-widget-heading\" data-id=\"c12489a\" data-element_type=\"widget\" data-e-type=\"widget\" data-widget_type=\"heading.default\">\n\t\t\t\t<div class=\"elementor-widget-container\">\n\t\t\t\t\t<h1 class=\"elementor-heading-title elementor-size-default\">Ota yhteytt\u00e4!<\/h1>\t\t\t\t<\/div>\n\t\t\t\t<\/div>\n\t\t\t\t<div class=\"elementor-element elementor-element-fabadf6 elementor-widget elementor-widget-text-editor\" data-id=\"fabadf6\" data-element_type=\"widget\" data-e-type=\"widget\" data-widget_type=\"text-editor.default\">\n\t\t\t\t<div class=\"elementor-widget-container\">\n\t\t\t\t\t\t\t\t\t<div>Miten voimme olla avuksesi? Meid\u00e4n asiantuntijamme tarjoavat tilaratkaisut, jotka r\u00e4\u00e4t\u00e4l\u00f6id\u00e4\u00e4n vastaamaan juuri sinun toiveita ja tarpeita. Olipa tavoitteenasi toimivammat tilaratkaisut, koko kodin remontti, kylpyhuonesaneeraus tai keitti\u00f6n sisustus teemme tilaunelmat todeksi.<\/div><div>\u00a0<\/div><div>Varaa maksuton kartoitus ja ota ensimm\u00e4inen askel kohti toimivampia, inspiroivampia ja terveellisempi\u00e4 tiloja jo t\u00e4n\u00e4\u00e4n!<\/div>\t\t\t\t\t\t\t\t<\/div>\n\t\t\t\t<\/div>\n\t\t\t\t<div class=\"elementor-element elementor-element-13d0805 elementor-align-start elementor-icon-list--layout-traditional elementor-list-item-link-full_width elementor-widget elementor-widget-icon-list\" data-id=\"13d0805\" data-element_type=\"widget\" data-e-type=\"widget\" data-widget_type=\"icon-list.default\">\n\t\t\t\t<div class=\"elementor-widget-container\">\n\t\t\t\t\t\t\t<ul class=\"elementor-icon-list-items\">\n\t\t\t\t\t\t\t<li class=\"elementor-icon-list-item\">\n\t\t\t\t\t\t\t\t\t\t\t<a href=\"tel:0105082430\">\n\n\t\t\t\t\t\t\t\t\t\t\t\t<span class=\"elementor-icon-list-icon\">\n\t\t\t\t\t\t\t<i aria-hidden=\"true\" class=\"fas fa-phone-alt\"><\/i>\t\t\t\t\t\t<\/span>\n\t\t\t\t\t\t\t\t\t\t<span class=\"elementor-icon-list-text\">010 508 2430<\/span>\n\t\t\t\t\t\t\t\t\t\t\t<\/a>\n\t\t\t\t\t\t\t\t\t<\/li>\n\t\t\t\t\t\t\t\t<li class=\"elementor-icon-list-item\">\n\t\t\t\t\t\t\t\t\t\t\t<a href=\"mailto:info@designurakka.fi\">\n\n\t\t\t\t\t\t\t\t\t\t\t\t<span class=\"elementor-icon-list-icon\">\n\t\t\t\t\t\t\t<i aria-hidden=\"true\" class=\"fas fa-envelope\"><\/i>\t\t\t\t\t\t<\/span>\n\t\t\t\t\t\t\t\t\t\t<span class=\"elementor-icon-list-text\">info@designurakka.fi<\/span>\n\t\t\t\t\t\t\t\t\t\t\t<\/a>\n\t\t\t\t\t\t\t\t\t<\/li>\n\t\t\t\t\t\t\t\t<li class=\"elementor-icon-list-item\">\n\t\t\t\t\t\t\t\t\t\t\t<span class=\"elementor-icon-list-icon\">\n\t\t\t\t\t\t\t<i aria-hidden=\"true\" class=\"fas fa-map-pin\"><\/i>\t\t\t\t\t\t<\/span>\n\t\t\t\t\t\t\t\t\t\t<span class=\"elementor-icon-list-text\">Linnankoskenkatu 10, <br>00250 Helsinki<\/span>\n\t\t\t\t\t\t\t\t\t<\/li>\n\t\t\t\t\t\t<\/ul>\n\t\t\t\t\t\t<\/div>\n\t\t\t\t<\/div>\n\t\t\t\t\t<\/div>\n\t\t<\/div>\n\t\t\t\t<div class=\"elementor-column elementor-col-50 elementor-top-column elementor-element elementor-element-b474a2b\" data-id=\"b474a2b\" data-element_type=\"column\" data-e-type=\"column\">\n\t\t\t<div class=\"elementor-widget-wrap elementor-element-populated\">\n\t\t\t\t\t\t<div class=\"elementor-element elementor-element-3a52ce0 elementor-widget elementor-widget-wpforms\" data-id=\"3a52ce0\" data-element_type=\"widget\" data-e-type=\"widget\" data-widget_type=\"wpforms.default\">\n\t\t\t\t<div class=\"elementor-widget-container\">\n\t\t\t\t\t<div class=\"wpforms-container \" id=\"wpforms-759\"><form id=\"wpforms-form-759\" class=\"wpforms-validate wpforms-form wpforms-ajax-form\" data-formid=\"759\" method=\"post\" enctype=\"multipart\/form-data\" action=\"\/en\/wp-json\/wp\/v2\/pages\/3866\" data-token=\"bdc3ec55379a1ce73db150ffff072052\" data-token-time=\"1776400620\"><noscript class=\"wpforms-error-noscript\">Please enable JavaScript in your browser to complete this form.<\/noscript><div class=\"wpforms-field-container\"><div id=\"wpforms-759-field_0-container\" class=\"wpforms-field wpforms-field-name\" data-field-id=\"0\"><label class=\"wpforms-field-label wpforms-label-hide\" for=\"wpforms-759-field_0\">Nimi <span class=\"wpforms-required-label\">*<\/span><\/label><input type=\"text\" id=\"wpforms-759-field_0\" class=\"wpforms-field-large wpforms-field-required\" name=\"wpforms[fields][0]\" placeholder=\"Etu- ja sukunimesi\" required><\/div><div id=\"wpforms-759-field_1-container\" class=\"wpforms-field wpforms-field-email\" data-field-id=\"1\"><label class=\"wpforms-field-label wpforms-label-hide\" for=\"wpforms-759-field_1\">S\u00e4hk\u00f6posti <span class=\"wpforms-required-label\">*<\/span><\/label><input type=\"email\" id=\"wpforms-759-field_1\" class=\"wpforms-field-large wpforms-field-required\" name=\"wpforms[fields][1]\" placeholder=\"S\u00e4hk\u00f6postiosoitteesi\" spellcheck=\"false\" required><\/div><div id=\"wpforms-759-field_4-container\" class=\"wpforms-field wpforms-field-text\" data-field-id=\"4\"><label class=\"wpforms-field-label wpforms-label-hide\" for=\"wpforms-759-field_4\">Puhelinnumero <span class=\"wpforms-required-label\">*<\/span><\/label><input type=\"text\" id=\"wpforms-759-field_4\" class=\"wpforms-field-large wpforms-field-required\" name=\"wpforms[fields][4]\" placeholder=\"Puhelinnumerosi\" required><\/div><div id=\"wpforms-759-field_2-container\" class=\"wpforms-field wpforms-field-textarea\" data-field-id=\"2\"><label class=\"wpforms-field-label wpforms-label-hide\" for=\"wpforms-759-field_2\">Viesti <span class=\"wpforms-required-label\">*<\/span><\/label><textarea id=\"wpforms-759-field_2\" class=\"wpforms-field-medium wpforms-field-required\" name=\"wpforms[fields][2]\" placeholder=\"Viestisi\" required><\/textarea><\/div><\/div><!-- .wpforms-field-container --><div class=\"wpforms-submit-container\" ><input type=\"hidden\" name=\"wpforms[id]\" value=\"759\"><input type=\"hidden\" name=\"page_title\" value=\"\"><input type=\"hidden\" name=\"page_url\" value=\"https:\/\/designurakka.fi\/en\/wp-json\/wp\/v2\/pages\/3866\"><input type=\"hidden\" name=\"url_referer\" value=\"\"><button type=\"submit\" name=\"wpforms[submit]\" id=\"wpforms-submit-759\" class=\"wpforms-submit\" data-alt-text=\"L\u00e4hetet\u00e4\u00e4n...\" data-submit-text=\"L\u00e4het\u00e4\" aria-live=\"assertive\" value=\"wpforms-submit\">L\u00e4het\u00e4<\/button><img decoding=\"async\" src=\"https:\/\/designurakka.fi\/wp-content\/plugins\/wpforms-lite\/assets\/images\/submit-spin.svg\" class=\"wpforms-submit-spinner\" style=\"display: none;\" width=\"26\" height=\"26\" alt=\"Loading\"><\/div><\/form><\/div>  <!-- .wpforms-container -->\t\t\t\t<\/div>\n\t\t\t\t<\/div>\n\t\t\t\t\t<\/div>\n\t\t<\/div>\n\t\t\t\t\t<\/div>\n\t\t<\/section>\n\t\t\t\t<\/div>\n\t\t","protected":false},"excerpt":{"rendered":"<p>Kodista stressivapaa vy\u00f6hyke Kodista stressivapaa vy\u00f6hyke Meit\u00e4 kaikkia kuormittavat erilaiset velvollisuudet ja vaatimukset, olivat ne sitten ulkopuolelta tai oman p\u00e4\u00e4n sis\u00e4ll\u00e4 asetettuja. Moni tekee vaativaa ty\u00f6t\u00e4, ja hybridi- tai et\u00e4ty\u00f6ss\u00e4 ty\u00f6skentelevill\u00e4 vapaa-ajan ja ty\u00f6ajan rajat h\u00e4m\u00e4rtyv\u00e4t helposti. Lis\u00e4ksi huolehditaan lapsista, vanhenevista sukulaisista, lemmikeist\u00e4 ja ties mist\u00e4, parhaimmillaan (pahimmillaan) kaikista edell\u00e4mainituista. Itsest\u00e4\u00e4nkin pit\u00e4isi huolehtia, kehitt\u00e4\u00e4 osaamistaan, harrastaa, urheilla ja tietysti muistaa my\u00f6s palautua ja ottaa rennosti.\u00a0 \u00a0 Se, mik\u00e4 kenellekin on toimiva ja stressivapaa koti, onkin varsin yksil\u00f6llist\u00e4. Yksi koko ei todellakaan sovi kaikille, eik\u00e4 tarvitsekaan sopia. Pikkulapsiperheess\u00e4 arjen sujuvuus tarkoittaa eri asioita kuin keski-ik\u00e4isen yksinasujan kohdalla. Tuntuma on, ett\u00e4 Suomessa tyydyt\u00e4\u00e4n kovin helposti standardiratkaisuihin. Kuitenkin ammattitaitoisella sisustusarkkitehdin suunnittelulla voidaan pieniinkin neli\u00f6hin tuoda toimivia ratkaisuja ja hyvin toteutetulla remontilla nostaa viihtyisyytt\u00e4 uudelle tasolle. \u00a0 Yksi tavanomainen esimerkki arjen \u00e4rsytt\u00e4vyyksist\u00e4 on huoneesta toiseen vaeltava pyykinkuivausteline niiss\u00e4 kodeissa, joissa kodinhoidolle tai edes pyykkihuollolle ei ole mit\u00e4\u00e4n varattua tilaa, vaan pyykkikone seisoo miten kuten kylpyhuoneen nurkassa. T\u00e4ss\u00e4 esimerkiss\u00e4 ratkaisu voi l\u00f6yty\u00e4 pienest\u00e4 kylpyhuoneen laajennuksesta tai vaikka pelk\u00e4st\u00e4\u00e4n tarkoituksenmukaisesta kalustuksesta, jossa otetaan my\u00f6s sein\u00e4korkeus hy\u00f6tyk\u00e4ytt\u00f6\u00f6n. Jatketaanpa listaa hiukan: Pikkulapsiperheess\u00e4 on tarve kurahousujen pesulle ja ulkovaatteiden kuivatukselle mielell\u00e4\u00e4n l\u00e4hell\u00e4 sis\u00e4\u00e4nk\u00e4ynti\u00e4. Koiraperheess\u00e4 arvostetaan kest\u00e4v\u00e4\u00e4 lattiamateriaalia ja kuraeteist\u00e4. J\u00e4\u00e4kiekkoilevien teinien vanhemmat arvostavat varmasti hyvin ilmastoitua kuivatustilaa varusteille ja useampaa kuin yht\u00e4 suihkua asunnossa. Kotona ty\u00f6skentelev\u00e4lle ergonominen ja toimiva ty\u00f6piste, jonka saa my\u00f6s pois n\u00e4kyvist\u00e4, voi olla sit\u00e4 arjen luksusta. Lasten muutettua pois kotoa kaksin j\u00e4\u00e4nyt pariskunta haluaa ehk\u00e4 toteuttaa unelman harrastehuoneesta ja ihanasta saunaosastosta kylpyineen. Fiksuilla suunnitteluratkaisuilla ja kohtuullisella remontilla n\u00e4m\u00e4kin toiveet ovat vain toteuttamista vailla. \u00a0 Arjen toimivuuteen ja kodin tunnelmaan vaikutetaan sisustussuunnittelun materiaali- ja v\u00e4rivalinnoilla. Allergiakodissa helpotetaan el\u00e4m\u00e4\u00e4 helposti siivottavilla ja p\u00f6ly\u00e4m\u00e4tt\u00f6mill\u00e4 materiaaleilla. Yksi kokee valkoiset sein\u00e4t rauhoittavina, toinen taas saa energiaa voimakkaista v\u00e4reist\u00e4. Joku tykk\u00e4\u00e4 n\u00e4pr\u00e4t\u00e4 ja nikkaroida itsekin, toinen taas toivoo avaimet k\u00e4teen remonttia, jossa kaikki hoituu helposti ja sujuvasti ammattilaisten toimesta. Se ikuisesti aloittamista vaille valmis remontti vasta stressaakin. \u00a0 Tosiasia on, ett\u00e4 normipalkansaajan muutaman viikon loma vuodessa tai viikonloppuvapaat ei yksin\u00e4\u00e4n riit\u00e4 palautumiseen, vaan hyvinvointimme rakentuu tai rapautuu arjessa, jota suurin osa ajastamme on. Me Designurakalla haluamme tuoda asiantuntemusta ja kokemuksen tuomaa n\u00e4kemyst\u00e4 kodin toteuttamiseen sellaiseksi, ett\u00e4 se tukee parhaalla mahdollisella tavalla juuri sinun arkeasi ja palautumista. Ota yhteytt\u00e4! Miten voimme olla avuksesi? Meid\u00e4n asiantuntijamme tarjoavat tilaratkaisut, jotka r\u00e4\u00e4t\u00e4l\u00f6id\u00e4\u00e4n vastaamaan juuri sinun toiveita ja tarpeita. Olipa tavoitteenasi toimivammat tilaratkaisut, koko kodin remontti, kylpyhuonesaneeraus tai keitti\u00f6n sisustus teemme tilaunelmat todeksi.\u00a0Varaa maksuton kartoitus ja ota ensimm\u00e4inen askel kohti toimivampia, inspiroivampia ja terveellisempi\u00e4 tiloja jo t\u00e4n\u00e4\u00e4n! 010 508 2430 info@designurakka.fi Linnankoskenkatu 10, 00250 Helsinki Please enable JavaScript in your browser to complete this form.Nimi *S\u00e4hk\u00f6posti *Puhelinnumero *Viesti * L\u00e4het\u00e4<\/p>","protected":false},"author":1,"featured_media":0,"parent":0,"menu_order":0,"comment_status":"closed","ping_status":"closed","template":"","meta":{"site-sidebar-layout":"no-sidebar","site-content-layout":"page-builder","ast-site-content-layout":"full-width-container","site-content-style":"unboxed","site-sidebar-style":"unboxed","ast-global-header-display":"","ast-banner-title-visibility":"","ast-main-header-display":"","ast-hfb-above-header-display":"","ast-hfb-below-header-display":"","ast-hfb-mobile-header-display":"","site-post-title":"disabled","ast-breadcrumbs-content":"","ast-featured-img":"disabled","footer-sml-layout":"","ast-disable-related-posts":"","theme-transparent-header-meta":"enabled","adv-header-id-meta":"","stick-header-meta":"","header-above-stick-meta":"","header-main-stick-meta":"","header-below-stick-meta":"","astra-migrate-meta-layouts":"set","ast-page-background-enabled":"default","ast-page-background-meta":{"desktop":{"background-color":"var(--ast-global-color-4)","background-image":"","background-repeat":"repeat","background-position":"center center","background-size":"auto","background-attachment":"scroll","background-type":"","background-media":"","overlay-type":"","overlay-color":"","overlay-opacity":"","overlay-gradient":""},"tablet":{"background-color":"","background-image":"","background-repeat":"repeat","background-position":"center center","background-size":"auto","background-attachment":"scroll","background-type":"","background-media":"","overlay-type":"","overlay-color":"","overlay-opacity":"","overlay-gradient":""},"mobile":{"background-color":"","background-image":"","background-repeat":"repeat","background-position":"center center","background-size":"auto","background-attachment":"scroll","background-type":"","background-media":"","overlay-type":"","overlay-color":"","overlay-opacity":"","overlay-gradient":""}},"ast-content-background-meta":{"desktop":{"background-color":"var(--ast-global-color-5)","background-image":"","background-repeat":"repeat","background-position":"center center","background-size":"auto","background-attachment":"scroll","background-type":"","background-media":"","overlay-type":"","overlay-color":"","overlay-opacity":"","overlay-gradient":""},"tablet":{"background-color":"var(--ast-global-color-5)","background-image":"","background-repeat":"repeat","background-position":"center center","background-size":"auto","background-attachment":"scroll","background-type":"","background-media":"","overlay-type":"","overlay-color":"","overlay-opacity":"","overlay-gradient":""},"mobile":{"background-color":"var(--ast-global-color-5)","background-image":"","background-repeat":"repeat","background-position":"center center","background-size":"auto","background-attachment":"scroll","background-type":"","background-media":"","overlay-type":"","overlay-color":"","overlay-opacity":"","overlay-gradient":""}},"footnotes":""},"class_list":["post-3866","page","type-page","status-publish","hentry"],"_links":{"self":[{"href":"https:\/\/designurakka.fi\/en\/wp-json\/wp\/v2\/pages\/3866","targetHints":{"allow":["GET"]}}],"collection":[{"href":"https:\/\/designurakka.fi\/en\/wp-json\/wp\/v2\/pages"}],"about":[{"href":"https:\/\/designurakka.fi\/en\/wp-json\/wp\/v2\/types\/page"}],"author":[{"embeddable":true,"href":"https:\/\/designurakka.fi\/en\/wp-json\/wp\/v2\/users\/1"}],"replies":[{"embeddable":true,"href":"https:\/\/designurakka.fi\/en\/wp-json\/wp\/v2\/comments?post=3866"}],"version-history":[{"count":10,"href":"https:\/\/designurakka.fi\/en\/wp-json\/wp\/v2\/pages\/3866\/revisions"}],"predecessor-version":[{"id":4520,"href":"https:\/\/designurakka.fi\/en\/wp-json\/wp\/v2\/pages\/3866\/revisions\/4520"}],"wp:attachment":[{"href":"https:\/\/designurakka.fi\/en\/wp-json\/wp\/v2\/media?parent=3866"}],"curies":[{"name":"wp","href":"https:\/\/api.w.org\/{rel}","templated":true}]}}